{"id":344,"date":"2024-09-14T10:42:34","date_gmt":"2024-09-14T10:42:34","guid":{"rendered":"https:\/\/tanjaundfelix.de\/?page_id=344"},"modified":"2024-09-24T14:32:47","modified_gmt":"2024-09-24T14:32:47","slug":"danke","status":"publish","type":"page","link":"https:\/\/tanjaundfelix.de\/","title":{"rendered":"Danke"},"content":{"rendered":"\t\t<div data-elementor-type=\"wp-page\" data-elementor-id=\"344\" class=\"elementor elementor-344\">\n\t\t\t\t<div class=\"elementor-element elementor-element-45411221 e-flex e-con-boxed e-con e-parent\" data-id=\"45411221\" data-element_type=\"container\" data-e-type=\"container\" data-settings=\"{&quot;background_background&quot;:&quot;classic&quot;}\">\n\t\t\t\t\t<div class=\"e-con-inner\">\n\t\t\t\t<div class=\"elementor-element elementor-element-59fed193 elementor-widget elementor-widget-heading\" data-id=\"59fed193\" data-element_type=\"widget\" data-e-type=\"widget\" data-widget_type=\"heading.default\">\n\t\t\t\t<div class=\"elementor-widget-container\">\n\t\t\t\t\t<h5 class=\"elementor-heading-title elementor-size-default\">Tanja's und Felix' Hochzeitsfeier<\/h5>\t\t\t\t<\/div>\n\t\t\t\t<\/div>\n\t\t\t\t<div class=\"elementor-element elementor-element-64acc532 elementor-widget elementor-widget-heading\" data-id=\"64acc532\" data-element_type=\"widget\" data-e-type=\"widget\" data-widget_type=\"heading.default\">\n\t\t\t\t<div class=\"elementor-widget-container\">\n\t\t\t\t\t<h1 class=\"elementor-heading-title elementor-size-default\">Danke, dass ihr dabei wart!<\/h1>\t\t\t\t<\/div>\n\t\t\t\t<\/div>\n\t\t\t\t<div class=\"elementor-element elementor-element-f9a993f elementor-widget elementor-widget-heading\" data-id=\"f9a993f\" data-element_type=\"widget\" data-e-type=\"widget\" data-widget_type=\"heading.default\">\n\t\t\t\t<div class=\"elementor-widget-container\">\n\t\t\t\t\t<h5 class=\"elementor-heading-title elementor-size-default\">Damit wir uns alle weiterhin an diesen wundervollen Tag erinnern k\u00f6nnen, <br>hat Jaimee f\u00fcr uns gezaubert.<\/h5>\t\t\t\t<\/div>\n\t\t\t\t<\/div>\n\t\t\t\t<div class=\"elementor-element elementor-element-71ea7d7a elementor-align-center elementor-widget elementor-widget-button\" data-id=\"71ea7d7a\" data-element_type=\"widget\" data-e-type=\"widget\" data-widget_type=\"button.default\">\n\t\t\t\t<div class=\"elementor-widget-container\">\n\t\t\t\t\t\t\t\t\t<div class=\"elementor-button-wrapper\">\n\t\t\t\t\t<a class=\"elementor-button elementor-button-link elementor-size-sm\" href=\"#details\">\n\t\t\t\t\t\t<span class=\"elementor-button-content-wrapper\">\n\t\t\t\t\t\t\t\t\t<span class=\"elementor-button-text\">Weitere Fotos<\/span>\n\t\t\t\t\t<\/span>\n\t\t\t\t\t<\/a>\n\t\t\t\t<\/div>\n\t\t\t\t\t\t\t\t<\/div>\n\t\t\t\t<\/div>\n\t\t\t\t\t<\/div>\n\t\t\t\t<\/div>\n\t\t<div class=\"elementor-element elementor-element-99210e4 e-flex e-con-boxed e-con e-parent\" data-id=\"99210e4\" data-element_type=\"container\" data-e-type=\"container\">\n\t\t\t\t\t<div class=\"e-con-inner\">\n\t\t\t\t<div class=\"elementor-element elementor-element-94c2459 elementor-widget elementor-widget-spacer\" data-id=\"94c2459\" data-element_type=\"widget\" data-e-type=\"widget\" data-widget_type=\"spacer.default\">\n\t\t\t\t<div class=\"elementor-widget-container\">\n\t\t\t\t\t\t\t<div class=\"elementor-spacer\">\n\t\t\t<div class=\"elementor-spacer-inner\"><\/div>\n\t\t<\/div>\n\t\t\t\t\t\t<\/div>\n\t\t\t\t<\/div>\n\t\t\t\t\t<\/div>\n\t\t\t\t<\/div>\n\t\t<div class=\"elementor-element elementor-element-9e87e1b e-flex e-con-boxed e-con e-parent\" data-id=\"9e87e1b\" data-element_type=\"container\" data-e-type=\"container\">\n\t\t\t\t\t<div class=\"e-con-inner\">\n\t\t\t\t<div class=\"elementor-element elementor-element-7a835a2 elementor-widget elementor-widget-heading\" data-id=\"7a835a2\" data-element_type=\"widget\" data-e-type=\"widget\" data-widget_type=\"heading.default\">\n\t\t\t\t<div class=\"elementor-widget-container\">\n\t\t\t\t\t<h1 class=\"elementor-heading-title elementor-size-default\">Kleine Vorschau<\/h1>\t\t\t\t<\/div>\n\t\t\t\t<\/div>\n\t\t\t\t\t<\/div>\n\t\t\t\t<\/div>\n\t\t<div class=\"elementor-element elementor-element-0f65468 e-flex e-con-boxed e-con e-parent\" data-id=\"0f65468\" data-element_type=\"container\" data-e-type=\"container\">\n\t\t\t\t\t<div class=\"e-con-inner\">\n\t\t\t\t<div class=\"elementor-element elementor-element-4604ab8 elementor-pagination-position-outside elementor-widget elementor-widget-image-carousel\" data-id=\"4604ab8\" data-element_type=\"widget\" data-e-type=\"widget\" data-settings=\"{&quot;navigation&quot;:&quot;dots&quot;,&quot;autoplay&quot;:&quot;yes&quot;,&quot;pause_on_hover&quot;:&quot;yes&quot;,&quot;pause_on_interaction&quot;:&quot;yes&quot;,&quot;autoplay_speed&quot;:5000,&quot;infinite&quot;:&quot;yes&quot;,&quot;speed&quot;:500}\" data-widget_type=\"image-carousel.default\">\n\t\t\t\t<div class=\"elementor-widget-container\">\n\t\t\t\t\t\t\t<div class=\"elementor-image-carousel-wrapper swiper\" role=\"region\" aria-roledescription=\"carousel\" aria-label=\"Image Carousel\" dir=\"ltr\">\n\t\t\t<div class=\"elementor-image-carousel swiper-wrapper\" aria-live=\"off\">\n\t\t\t\t\t\t\t\t<div class=\"swiper-slide\" role=\"group\" aria-roledescription=\"slide\" aria-label=\"1 of 6\"><figure class=\"swiper-slide-inner\"><img decoding=\"async\" class=\"swiper-slide-image\" src=\"https:\/\/tanjaundfelix.de\/wp-content\/uploads\/2024\/09\/Hochzeit-Tanja-Felix-Web-571-300x200.jpg\" alt=\"Hochzeit Tanja &amp; Felix-Web-571\" \/><\/figure><\/div><div class=\"swiper-slide\" role=\"group\" aria-roledescription=\"slide\" aria-label=\"2 of 6\"><figure class=\"swiper-slide-inner\"><img decoding=\"async\" class=\"swiper-slide-image\" src=\"https:\/\/tanjaundfelix.de\/wp-content\/uploads\/2024\/09\/Hochzeit-Tanja-Felix-Web-641-300x200.jpg\" alt=\"Hochzeit Tanja &amp; Felix-Web-641\" \/><\/figure><\/div><div class=\"swiper-slide\" role=\"group\" aria-roledescription=\"slide\" aria-label=\"3 of 6\"><figure class=\"swiper-slide-inner\"><img decoding=\"async\" class=\"swiper-slide-image\" src=\"https:\/\/tanjaundfelix.de\/wp-content\/uploads\/2024\/09\/Hochzeit-Tanja-Felix-Web-634-300x200.jpg\" alt=\"Hochzeit Tanja &amp; Felix-Web-634\" \/><\/figure><\/div><div class=\"swiper-slide\" role=\"group\" aria-roledescription=\"slide\" aria-label=\"4 of 6\"><figure class=\"swiper-slide-inner\"><img decoding=\"async\" class=\"swiper-slide-image\" src=\"https:\/\/tanjaundfelix.de\/wp-content\/uploads\/2024\/09\/Hochzeit-Tanja-Felix-Web-385-300x200.jpg\" alt=\"Hochzeit Tanja &amp; Felix-Web-385\" \/><\/figure><\/div><div class=\"swiper-slide\" role=\"group\" aria-roledescription=\"slide\" aria-label=\"5 of 6\"><figure class=\"swiper-slide-inner\"><img decoding=\"async\" class=\"swiper-slide-image\" src=\"https:\/\/tanjaundfelix.de\/wp-content\/uploads\/2024\/09\/Hochzeit-Tanja-Felix-Web-57-300x200.jpg\" alt=\"Hochzeit Tanja &amp; Felix-Web-57\" \/><\/figure><\/div><div class=\"swiper-slide\" role=\"group\" aria-roledescription=\"slide\" aria-label=\"6 of 6\"><figure class=\"swiper-slide-inner\"><img decoding=\"async\" class=\"swiper-slide-image\" src=\"https:\/\/tanjaundfelix.de\/wp-content\/uploads\/2024\/09\/Hochzeit-Tanja-Felix-Web-13-300x200.jpg\" alt=\"Hochzeit Tanja &amp; Felix-Web-13\" \/><\/figure><\/div>\t\t\t<\/div>\n\t\t\t\t\t\t\t\n\t\t\t\t\t\t\t\t\t<div class=\"swiper-pagination\"><\/div>\n\t\t\t\t\t\t\t\t\t<\/div>\n\t\t\t\t\t\t<\/div>\n\t\t\t\t<\/div>\n\t\t\t\t\t<\/div>\n\t\t\t\t<\/div>\n\t\t<div class=\"elementor-element elementor-element-b259277 e-flex e-con-boxed e-con e-parent\" data-id=\"b259277\" data-element_type=\"container\" data-e-type=\"container\">\n\t\t\t\t\t<div class=\"e-con-inner\">\n\t\t\t\t<div class=\"elementor-element elementor-element-76e3ea3 elementor-widget-divider--view-line elementor-widget elementor-widget-divider\" data-id=\"76e3ea3\" data-element_type=\"widget\" data-e-type=\"widget\" data-widget_type=\"divider.default\">\n\t\t\t\t<div class=\"elementor-widget-container\">\n\t\t\t\t\t\t\t<div class=\"elementor-divider\">\n\t\t\t<span class=\"elementor-divider-separator\">\n\t\t\t\t\t\t<\/span>\n\t\t<\/div>\n\t\t\t\t\t\t<\/div>\n\t\t\t\t<\/div>\n\t\t\t\t\t<\/div>\n\t\t\t\t<\/div>\n\t\t<div class=\"elementor-element elementor-element-39a22c8 e-flex e-con-boxed e-con e-parent\" data-id=\"39a22c8\" data-element_type=\"container\" data-e-type=\"container\">\n\t\t\t\t\t<div class=\"e-con-inner\">\n\t\t\t\t<div class=\"elementor-element elementor-element-e7ab209 elementor-widget elementor-widget-heading\" data-id=\"e7ab209\" data-element_type=\"widget\" data-e-type=\"widget\" id=\"details\" data-widget_type=\"heading.default\">\n\t\t\t\t<div class=\"elementor-widget-container\">\n\t\t\t\t\t<h2 class=\"elementor-heading-title elementor-size-default\">Zu den Fotos<\/h2>\t\t\t\t<\/div>\n\t\t\t\t<\/div>\n\t\t\t\t\t<\/div>\n\t\t\t\t<\/div>\n\t\t<div class=\"elementor-element elementor-element-ea5efda e-flex e-con-boxed e-con e-parent\" data-id=\"ea5efda\" data-element_type=\"container\" data-e-type=\"container\">\n\t\t\t\t\t<div class=\"e-con-inner\">\n\t\t\t\t<div class=\"elementor-element elementor-element-3024d17 elementor-widget elementor-widget-text-editor\" data-id=\"3024d17\" data-element_type=\"widget\" data-e-type=\"widget\" data-widget_type=\"text-editor.default\">\n\t\t\t\t<div class=\"elementor-widget-container\">\n\t\t\t\t\t\t\t\t\t<p>Die Fotos sind in einem gesch\u00fctzten Bereich f\u00fcr euch hinterlegt. Die Zugangsdaten hierf\u00fcr stehen in eurer Dankeskarte.<\/p><p>Ihr habt die M\u00f6glichkeit, durch die Galerie zu klicken und einzelne Bilder herunterzuladen. Alternativ k\u00f6nnt ihr auch das ganze Archiv mit ca. 450 Bildern als zip-Datei ausw\u00e4hlen.<\/p><p>Prinzipiell gibt es beide Varianten einmal f\u00fcr die digitale Verwendung in niedriger Aufl\u00f6sung und einmal in sehr hoher Aufl\u00f6sung f\u00fcr den Druck:<\/p><p><a href=\"https:\/\/str216play.synology.me?launchApp=SYNO.Foto.AppInstance#\/shared_space\/folder\/31\" data-wplink-url-error=\"true\">Galerie web &amp; digital<\/a><br \/><a href=\"https:\/\/str216play.synology.me?launchApp=SYNO.Foto.AppInstance#\/shared_space\/folder\/32\" data-wplink-url-error=\"true\">Galerie print<\/a><\/p><p><a href=\"https:\/\/str216play.synology.me\/sharing\/hf1wS6aY7\">Zip-Datei web &amp; digital<\/a><br \/><a href=\"https:\/\/str216play.synology.me\/sharing\/1t8lCauVF\">Zip-Datei print<\/a><\/p>\t\t\t\t\t\t\t\t<\/div>\n\t\t\t\t<\/div>\n\t\t\t\t\t<\/div>\n\t\t\t\t<\/div>\n\t\t<div class=\"elementor-element elementor-element-8b06da9 e-flex e-con-boxed e-con e-parent\" data-id=\"8b06da9\" data-element_type=\"container\" data-e-type=\"container\">\n\t\t\t\t\t<div class=\"e-con-inner\">\n\t\t\t\t<div class=\"elementor-element elementor-element-c0459ab elementor-widget-divider--view-line elementor-widget elementor-widget-divider\" data-id=\"c0459ab\" data-element_type=\"widget\" data-e-type=\"widget\" data-widget_type=\"divider.default\">\n\t\t\t\t<div class=\"elementor-widget-container\">\n\t\t\t\t\t\t\t<div class=\"elementor-divider\">\n\t\t\t<span class=\"elementor-divider-separator\">\n\t\t\t\t\t\t<\/span>\n\t\t<\/div>\n\t\t\t\t\t\t<\/div>\n\t\t\t\t<\/div>\n\t\t\t\t\t<\/div>\n\t\t\t\t<\/div>\n\t\t<div class=\"elementor-element elementor-element-ef6ea1d e-flex e-con-boxed e-con e-parent\" data-id=\"ef6ea1d\" data-element_type=\"container\" data-e-type=\"container\">\n\t\t\t\t\t<div class=\"e-con-inner\">\n\t\t\t\t<div class=\"elementor-element elementor-element-62800fa elementor-widget elementor-widget-heading\" data-id=\"62800fa\" data-element_type=\"widget\" data-e-type=\"widget\" data-widget_type=\"heading.default\">\n\t\t\t\t<div class=\"elementor-widget-container\">\n\t\t\t\t\t<h2 class=\"elementor-heading-title elementor-size-default\">Weitere Fragen?<\/h2>\t\t\t\t<\/div>\n\t\t\t\t<\/div>\n\t\t\t\t\t<\/div>\n\t\t\t\t<\/div>\n\t\t<div class=\"elementor-element elementor-element-a448c9e e-flex e-con-boxed e-con e-parent\" data-id=\"a448c9e\" data-element_type=\"container\" data-e-type=\"container\">\n\t\t\t\t\t<div class=\"e-con-inner\">\n\t\t\t\t<div class=\"elementor-element elementor-element-f5a7ce3 elementor-widget elementor-widget-text-editor\" data-id=\"f5a7ce3\" data-element_type=\"widget\" data-e-type=\"widget\" data-widget_type=\"text-editor.default\">\n\t\t\t\t<div class=\"elementor-widget-container\">\n\t\t\t\t\t\t\t\t\t<p>Klappt irgendetwas mit den Fotos nicht? Bei Fragen schreibt Tanja einfach oder wenn ihr Reden bevorzugt, ruft Felix gern an.<\/p>\t\t\t\t\t\t\t\t<\/div>\n\t\t\t\t<\/div>\n\t\t\t\t\t<\/div>\n\t\t\t\t<\/div>\n\t\t<div class=\"elementor-element elementor-element-e6c2d15 e-flex e-con-boxed e-con e-parent\" data-id=\"e6c2d15\" data-element_type=\"container\" data-e-type=\"container\">\n\t\t\t\t\t<div class=\"e-con-inner\">\n\t\t\t\t<div class=\"elementor-element elementor-element-c67d688 elementor-widget-divider--view-line elementor-widget elementor-widget-divider\" data-id=\"c67d688\" data-element_type=\"widget\" data-e-type=\"widget\" data-widget_type=\"divider.default\">\n\t\t\t\t<div class=\"elementor-widget-container\">\n\t\t\t\t\t\t\t<div class=\"elementor-divider\">\n\t\t\t<span class=\"elementor-divider-separator\">\n\t\t\t\t\t\t<\/span>\n\t\t<\/div>\n\t\t\t\t\t\t<\/div>\n\t\t\t\t<\/div>\n\t\t\t\t\t<\/div>\n\t\t\t\t<\/div>\n\t\t<div class=\"elementor-element elementor-element-7d0ec3c e-flex e-con-boxed e-con e-parent\" data-id=\"7d0ec3c\" data-element_type=\"container\" data-e-type=\"container\">\n\t\t\t\t\t<div class=\"e-con-inner\">\n\t\t\t\t<div class=\"elementor-element elementor-element-871c303 elementor-align-center elementor-widget elementor-widget-button\" data-id=\"871c303\" data-element_type=\"widget\" data-e-type=\"widget\" data-widget_type=\"button.default\">\n\t\t\t\t<div class=\"elementor-widget-container\">\n\t\t\t\t\t\t\t\t\t<div class=\"elementor-button-wrapper\">\n\t\t\t\t\t<a class=\"elementor-button elementor-button-link elementor-size-sm\" href=\"https:\/\/tanjaundfelix.de\/?page_id=207\" target=\"_blank\">\n\t\t\t\t\t\t<span class=\"elementor-button-content-wrapper\">\n\t\t\t\t\t\t\t\t\t<span class=\"elementor-button-text\">Impressum<\/span>\n\t\t\t\t\t<\/span>\n\t\t\t\t\t<\/a>\n\t\t\t\t<\/div>\n\t\t\t\t\t\t\t\t<\/div>\n\t\t\t\t<\/div>\n\t\t\t\t\t<\/div>\n\t\t\t\t<\/div>\n\t\t\t\t<\/div>\n\t\t","protected":false},"excerpt":{"rendered":"<p>Tanja&#8217;s und Felix&#8217; Hochzeitsfeier Danke, dass ihr dabei wart! Damit wir uns alle weiterhin an diesen wundervollen Tag erinnern k\u00f6nnen, hat Jaimee f\u00fcr uns gezaubert. Weitere Fotos Kleine Vorschau Zu den Fotos Die Fotos sind in einem gesch\u00fctzten Bereich f\u00fcr euch hinterlegt. Die Zugangsdaten hierf\u00fcr stehen in eurer Dankeskarte. Ihr habt die M\u00f6glichkeit, durch die [&hellip;]<\/p>\n","protected":false},"author":1,"featured_media":0,"parent":0,"menu_order":0,"comment_status":"closed","ping_status":"closed","template":"elementor_theme","meta":{"footnotes":""},"class_list":["post-344","page","type-page","status-publish","hentry"],"_links":{"self":[{"href":"https:\/\/tanjaundfelix.de\/index.php?rest_route=\/wp\/v2\/pages\/344","targetHints":{"allow":["GET"]}}],"collection":[{"href":"https:\/\/tanjaundfelix.de\/index.php?rest_route=\/wp\/v2\/pages"}],"about":[{"href":"https:\/\/tanjaundfelix.de\/index.php?rest_route=\/wp\/v2\/types\/page"}],"author":[{"embeddable":true,"href":"https:\/\/tanjaundfelix.de\/index.php?rest_route=\/wp\/v2\/users\/1"}],"replies":[{"embeddable":true,"href":"https:\/\/tanjaundfelix.de\/index.php?rest_route=%2Fwp%2Fv2%2Fcomments&post=344"}],"version-history":[{"count":13,"href":"https:\/\/tanjaundfelix.de\/index.php?rest_route=\/wp\/v2\/pages\/344\/revisions"}],"predecessor-version":[{"id":367,"href":"https:\/\/tanjaundfelix.de\/index.php?rest_route=\/wp\/v2\/pages\/344\/revisions\/367"}],"wp:attachment":[{"href":"https:\/\/tanjaundfelix.de\/index.php?rest_route=%2Fwp%2Fv2%2Fmedia&parent=344"}],"curies":[{"name":"wp","href":"https:\/\/api.w.org\/{rel}","templated":true}]}}